{"id":4099,"date":"2025-11-25T17:20:36","date_gmt":"2025-11-25T15:20:36","guid":{"rendered":"https:\/\/farmel.si\/?page_id=4099"},"modified":"2025-11-30T18:58:12","modified_gmt":"2025-11-30T16:58:12","slug":"najem-orodja","status":"publish","type":"page","link":"https:\/\/farmel.si\/en\/najem-orodja\/","title":{"rendered":"Najem orodja"},"content":{"rendered":"<div data-elementor-type=\"wp-page\" data-elementor-id=\"4099\" class=\"elementor elementor-4099\">\n\t\t\t\t<div class=\"elementor-element elementor-element-c4c9cd9 e-flex e-con-boxed e-con e-parent\" data-id=\"c4c9cd9\" data-element_type=\"container\" data-e-type=\"container\">\n\t\t\t\t\t<div class=\"e-con-inner\">\n\t\t\t\t<div class=\"elementor-element elementor-element-de405bb elementor-widget elementor-widget-text-editor\" data-id=\"de405bb\" data-element_type=\"widget\" data-e-type=\"widget\" data-widget_type=\"text-editor.default\">\n\t\t\t\t<div class=\"elementor-widget-container\">\n\t\t\t\t\t\t\t\t\t<h5><strong>KAKO POTEKA NAJEM ORODJA?<\/strong><\/h5><ul><li><strong>Izberi orodje in rezerviraj termin<\/strong><p>Na seznamu lahko najde\u0161 vse orodje katerega lahko trenutno najame\u0161 pri nas. Preko maila\/telefona\/kontaktnega obrazca lahko kontaktira\u0161 na\u0161o ekipo in se dogovori\u0161 za rezervacijo. Pripravljeni smo odgovoriti tudi na vsa dodatna vpra\u0161anja.<\/p><\/li><li><strong>Prevzemi in za\u010dni z delom<\/strong><p>Ob prevzemu s seboj prinese\u0161 osebni dokument, podpi\u0161e\u0161 pogodbo o najemu ter poravna\u0161 najemnino in var\u0161\u010dino. Orodje ti na kratko predstavimo in lahko takoj za\u010dne\u0161 z delom.<\/p><\/li><li><strong>Vra\u010dilo orodja<\/strong><p>Orodje vrne\u0161 v dogovorjenem terminu, o\u010di\u0161\u010deno in z vso pripadajo\u010do opremo. Po pregledu ti vrnemo var\u0161\u010dino (\u010de je orodje nepo\u0161kodovano in z vsemi dodatki).<\/p><\/li><li><strong>Cene najema<\/strong><p>Za najem orodja veljajo naslednje osnovne cene najema:<\/p><\/li><\/ul><p><strong>6-urni najem: 25 \u20ac<\/strong><\/p><p><strong>Dnevni najem (24 h): 40 \u20ac<\/strong><\/p><p><strong>Vikend najem: 70 \u20ac<\/strong><\/p><h5><span style=\"text-decoration: underline;\"><strong>SEZNAM ORODJA ZA NAJEM (se dopolnjuje):<\/strong><\/span><\/h5><p>LC1230 &#8211; namizna kro\u017ena \u017eaga za kovino<\/p><p>HG661V &#8211; akumulatorska vro\u010dezra\u010dna pi\u0161tola<\/p><p>DHR243Z &#8211; akumulatorsko vrtalno kladivo<\/p><p>DUB363Z &#8211; akumulatorski pihalnik in sesalnik listja<\/p><p>9741 &#8211; valj\u010dni \/ \u0161\u010detkalni brusilnik za strukturiranje<\/p><p>DSP600 &#8211; akumulatorska potopna kro\u017ena \u017eaga<\/p><p>HR4013C &#8211; kombinirani kladivo SDS-MAX<\/p><p>DCO180Z &#8211; akumulatorski rezalnik za gips plo\u0161\u010de<\/p><p>DVC750L &#8211; akumulatorski mohro \/ suhi sesalnik<\/p><p>9403 &#8211; tra\u010dni brusilnik 100mm<\/p><p>BO6030 &#8211; ekscentri\u010dni brusilnik 150mm<\/p><p>DGA504Z &#8211; akumulatorski kotni brusilnik 125mm<\/p><p>BBO180Z &#8211; akumulatorski ekscentri\u010dni brusilnik\u00a0<\/p><p>DHP489Z &#8211; akumulatorski udarni vrtalnik\/vija\u010dnik\u00a0<\/p><p>BTD140Z &#8211; akumulatorski udarni vija\u010dnik<\/p><p>DJR187Z &#8211; akumulatorska sabljasta \u017eaga<\/p><p>LS1216L &#8211; potezna kro\u017ena \u017eaga 305mm (list za \u017eelezo in aluminij)<\/p><p>DUC150Z &#8211; kompaktna akumulatorska veri\u017ena \u017eaga 18V<\/p><p>2012NB &#8211; debelinski skobeljnik 304mm<\/p><p>MLT100N &#8211; namizna kro\u017ena \u017eaga 260mm<\/p><p>DUC353Z &#8211; akumulatorska veri\u017ena \u017eaga 18V+18V<\/p><p>DUX60Z z nastavkom za obrezovanje \u017eive meje, podalj\u0161kom in veri\u017eno \u017eago<\/p><p><span style=\"text-decoration: underline;\"><strong>K vsakemu orodju pripada tudi 1 polna baterija 18V (oz 2 bateriji, v kolikor je orodje 18V+18V), 5Ah\/6Ah, ter hitri dvojni polnilec DC18RD<br \/><br \/><\/strong><\/span><\/p><ul><li><strong>Var\u0161\u010dina (kavcija)<\/strong><p>Pri najemu se pla\u010da var\u0161\u010dina, ki je odvisna od vrste orodja in je jasno navedena pri posameznem izdelku. Var\u0161\u010dina se ob pravo\u010dasnem, nepo\u0161kodovanem vra\u010dilu orodja z vso opremo v celoti vrne ali po dogovoru pobota z najemnino.<\/p><\/li><\/ul><p><em><span style=\"text-decoration: underline;\">Na tej strani so navedena osnovna navodila za najem, da vidi\u0161, kako enostaven je postopek. Vse podrobnosti (pravice in obveznosti obeh strani, odgovornost za po\u0161kodbe, krajo, zamude ipd.) si lahko prebere\u0161 v pogodbi o najemu, katero si lahko prenese\u0161 na linku spodaj.<\/span><\/em><\/p><p><a href=\"https:\/\/farmel.si\/wp-content\/uploads\/2025\/11\/najemna_pogodba_orodje_Farmel.pdf\">najemna_pogodba_orodje_Farmel<\/a><\/p>\t\t\t\t\t\t\t\t<\/div>\n\t\t\t\t<\/div>\n\t\t\t\t\t<\/div>\n\t\t\t\t<\/div>\n\t\t\t\t<\/div>","protected":false},"excerpt":{"rendered":"<p>KAKO POTEKA NAJEM ORODJA? Izberi orodje in rezerviraj termin Na seznamu lahko najde\u0161 vse orodje katerega lahko trenutno najame\u0161 pri nas. Preko maila\/telefona\/kontaktnega obrazca lahko kontaktira\u0161 na\u0161o ekipo in se dogovori\u0161 za rezervacijo. Pripravljeni smo odgovoriti tudi na vsa dodatna vpra\u0161anja. Prevzemi in za\u010dni z delom Ob prevzemu s seboj prinese\u0161 osebni dokument, podpi\u0161e\u0161 pogodbo&#8230;<\/p>","protected":false},"author":1,"featured_media":0,"parent":0,"menu_order":0,"comment_status":"closed","ping_status":"closed","template":"","meta":{"_bst_post_transparent":"","_bst_post_title":"","_bst_post_layout":"","_bst_post_sidebar_id":"","_bst_post_content_style":"","_bst_post_vertical_padding":"","_bst_post_feature":"","_bst_post_feature_position":"","_bst_post_header":false,"_bst_post_footer":false,"footnotes":""},"class_list":["post-4099","page","type-page","status-publish","hentry"],"_links":{"self":[{"href":"https:\/\/farmel.si\/en\/wp-json\/wp\/v2\/pages\/4099","targetHints":{"allow":["GET"]}}],"collection":[{"href":"https:\/\/farmel.si\/en\/wp-json\/wp\/v2\/pages"}],"about":[{"href":"https:\/\/farmel.si\/en\/wp-json\/wp\/v2\/types\/page"}],"author":[{"embeddable":true,"href":"https:\/\/farmel.si\/en\/wp-json\/wp\/v2\/users\/1"}],"replies":[{"embeddable":true,"href":"https:\/\/farmel.si\/en\/wp-json\/wp\/v2\/comments?post=4099"}],"version-history":[{"count":21,"href":"https:\/\/farmel.si\/en\/wp-json\/wp\/v2\/pages\/4099\/revisions"}],"predecessor-version":[{"id":7221,"href":"https:\/\/farmel.si\/en\/wp-json\/wp\/v2\/pages\/4099\/revisions\/7221"}],"wp:attachment":[{"href":"https:\/\/farmel.si\/en\/wp-json\/wp\/v2\/media?parent=4099"}],"curies":[{"name":"wp","href":"https:\/\/api.w.org\/{rel}","templated":true}]}}