{"id":7415,"date":"2025-12-05T08:03:53","date_gmt":"2025-12-05T06:03:53","guid":{"rendered":"https:\/\/farmel.si\/?page_id=7415"},"modified":"2025-12-05T08:27:08","modified_gmt":"2025-12-05T06:27:08","slug":"valovita-lepenka","status":"publish","type":"page","link":"https:\/\/farmel.si\/en\/valovita-lepenka\/","title":{"rendered":"Valovita lepenka"},"content":{"rendered":"<div data-elementor-type=\"wp-page\" data-elementor-id=\"7415\" class=\"elementor elementor-7415\">\n\t\t\t\t<div class=\"elementor-element elementor-element-749ec9a6 e-flex e-con-boxed e-con e-parent\" data-id=\"749ec9a6\" data-element_type=\"container\" data-e-type=\"container\">\n\t\t\t\t\t<div class=\"e-con-inner\">\n\t\t\t\t<div class=\"elementor-element elementor-element-3e382df5 elementor-widget elementor-widget-text-editor\" data-id=\"3e382df5\" data-element_type=\"widget\" data-e-type=\"widget\" data-widget_type=\"text-editor.default\">\n\t\t\t\t<div class=\"elementor-widget-container\">\n\t\t\t\t\t\t\t\t\t\n<p>Valovita lepenka v rolah je vsestranski, okolju prijazen material za za\u0161\u010dito in ovijanje izdelkov. Uporablja se kot za\u0161\u010ditna obloga, polnilo ali lo\u010dilni sloj pri pakiranju in transportu.<\/p>\n\n<p>Klju\u010dne zna\u010dilnosti:<\/p>\n\n<ul class=\"wp-block-list\">\n<li>\u0160irine rol: 50, 100, 120, 180, 200 cm<\/li>\n\n<li>Fleksibilen material, primeren za ovijanje nepravilnih oblik<\/li>\n\n<li>Biolo\u0161ko razgradljiv in reciklabilen material<\/li>\n\n<li>Primeren za za\u0161\u010dito pohi\u0161tva, lesenih izdelkov, kartonske embala\u017ee<\/li>\n<\/ul>\n<p><img fetchpriority=\"high\" decoding=\"async\" class=\"aligncenter wp-image-7341\" src=\"https:\/\/farmel.si\/wp-content\/uploads\/2025\/12\/valovita-lepenka-min-5500x5500.png\" alt=\"\" width=\"500\" height=\"441\" \/><\/p>\n\t\t\t\t\t\t\t\t<\/div>\n\t\t\t\t<\/div>\n\t\t\t\t\t<\/div>\n\t\t\t\t<\/div>\n\t\t\t\t<\/div>","protected":false},"excerpt":{"rendered":"<p>Valovita lepenka v rolah je vsestranski, okolju prijazen material za za\u0161\u010dito in ovijanje izdelkov. Uporablja se kot za\u0161\u010ditna obloga, polnilo ali lo\u010dilni sloj pri pakiranju in transportu. Klju\u010dne zna\u010dilnosti:<\/p>","protected":false},"author":2,"featured_media":0,"parent":0,"menu_order":0,"comment_status":"closed","ping_status":"closed","template":"","meta":{"_bst_post_transparent":"","_bst_post_title":"","_bst_post_layout":"","_bst_post_sidebar_id":"","_bst_post_content_style":"","_bst_post_vertical_padding":"","_bst_post_feature":"","_bst_post_feature_position":"","_bst_post_header":false,"_bst_post_footer":false,"footnotes":""},"class_list":["post-7415","page","type-page","status-publish","hentry"],"_links":{"self":[{"href":"https:\/\/farmel.si\/en\/wp-json\/wp\/v2\/pages\/7415","targetHints":{"allow":["GET"]}}],"collection":[{"href":"https:\/\/farmel.si\/en\/wp-json\/wp\/v2\/pages"}],"about":[{"href":"https:\/\/farmel.si\/en\/wp-json\/wp\/v2\/types\/page"}],"author":[{"embeddable":true,"href":"https:\/\/farmel.si\/en\/wp-json\/wp\/v2\/users\/2"}],"replies":[{"embeddable":true,"href":"https:\/\/farmel.si\/en\/wp-json\/wp\/v2\/comments?post=7415"}],"version-history":[{"count":9,"href":"https:\/\/farmel.si\/en\/wp-json\/wp\/v2\/pages\/7415\/revisions"}],"predecessor-version":[{"id":7437,"href":"https:\/\/farmel.si\/en\/wp-json\/wp\/v2\/pages\/7415\/revisions\/7437"}],"wp:attachment":[{"href":"https:\/\/farmel.si\/en\/wp-json\/wp\/v2\/media?parent=7415"}],"curies":[{"name":"wp","href":"https:\/\/api.w.org\/{rel}","templated":true}]}}