{"id":7424,"date":"2025-12-05T08:23:47","date_gmt":"2025-12-05T06:23:47","guid":{"rendered":"https:\/\/farmel.si\/?page_id=7424"},"modified":"2025-12-05T08:27:06","modified_gmt":"2025-12-05T06:27:06","slug":"folije-za-zascito-izdelkov-in-polnjenje-prostora","status":"publish","type":"page","link":"https:\/\/farmel.si\/en\/folije-za-zascito-izdelkov-in-polnjenje-prostora\/","title":{"rendered":"Folije za za\u0161\u010dito izdelkov in polnjenje prostora"},"content":{"rendered":"<div data-elementor-type=\"wp-page\" data-elementor-id=\"7424\" class=\"elementor elementor-7424\">\n\t\t\t\t<div class=\"elementor-element elementor-element-2e1e450d e-flex e-con-boxed e-con e-parent\" data-id=\"2e1e450d\" data-element_type=\"container\" data-e-type=\"container\">\n\t\t\t\t\t<div class=\"e-con-inner\">\n\t\t\t\t<div class=\"elementor-element elementor-element-43cc7c30 elementor-widget elementor-widget-text-editor\" data-id=\"43cc7c30\" data-element_type=\"widget\" data-e-type=\"widget\" data-widget_type=\"text-editor.default\">\n\t\t\t\t<div class=\"elementor-widget-container\">\n\t\t\t\t\t\t\t\t\t\n<h5>MEHUR\u010cASTA FOLIJA PE<\/h5>\n<p>Mehur\u010dasta folija iz polietilena je idealna za za\u0161\u010dito ob\u010dutljivih izdelkov pred udarci, vibracijami in praskami. Uporablja se pri pakiranju industrijskih komponent, elektronike, stekla, pohi\u0161tva in drugih ob\u010dutljivih izdelkov.<\/p>\n\n<p>Klju\u010dne zna\u010dilnosti:<\/p>\n\n<ul class=\"wp-block-list\">\n<li>\u0160irine rol na zalogi: 100, 150, 200 cm<\/li>\n\n<li>Mo\u017enost izdelave po meri (poljubne \u0161irine in dol\u017eine, rokavi, vre\u010de ipd.)<\/li>\n\n<li>Lahka, fleksibilna in enostavna za uporabo<\/li>\n\n<li>Odli\u010dna amortizacija udarcev in za\u0161\u010dita povr\u0161in<\/li>\n<\/ul>\n<h5>EPE GASTROPEN FOLIJA<\/h5>\n<p>EPE (penjena PE) folija, pogosto poznana kot gastropen, je namenjena za\u0161\u010diti ob\u010dutljivih povr\u0161in pred praskami, udarci in vibracijami. Zaradi svoje strukture je primerna za za\u0161\u010dito lakiranih, kovinskih, INOX, steklenih in plasti\u010dnih povr\u0161in.<\/p>\n<p>Klju\u010dne zna\u010dilnosti:<\/p>\n<ul>\n<li>\u0160irine rol na zalogi: 50, 100, 160, 200 cm<\/li>\n<li>Debeline: 1 mm in 2 mm<\/li>\n<li>Mo\u017enost izvedbe s filmom za vi\u0161jo odpornost proti raztrganinam<\/li>\n<li>Mo\u017enost izdelave poljubnih dimenzij (trakovi, formati, vlo\u017eki ipd.)<\/li>\n<li>Odli\u010dna za lo\u010dilne sloje med izdelki na paleti<\/li>\n<\/ul>\n<p><img fetchpriority=\"high\" decoding=\"async\" class=\"aligncenter wp-image-7340\" src=\"https:\/\/farmel.si\/wp-content\/uploads\/2025\/12\/gastropen-in-mehurcasta-min-5500x5500.png\" alt=\"\" width=\"500\" height=\"441\" \/><\/p>\n\t\t\t\t\t\t\t\t<\/div>\n\t\t\t\t<\/div>\n\t\t\t\t\t<\/div>\n\t\t\t\t<\/div>\n\t\t\t\t<\/div>","protected":false},"excerpt":{"rendered":"<p>MEHUR\u010cASTA FOLIJA PE Mehur\u010dasta folija iz polietilena je idealna za za\u0161\u010dito ob\u010dutljivih izdelkov pred udarci, vibracijami in praskami. Uporablja se pri pakiranju industrijskih komponent, elektronike, stekla, pohi\u0161tva in drugih ob\u010dutljivih izdelkov. Klju\u010dne zna\u010dilnosti:<\/p>","protected":false},"author":2,"featured_media":0,"parent":0,"menu_order":0,"comment_status":"closed","ping_status":"closed","template":"","meta":{"_bst_post_transparent":"","_bst_post_title":"","_bst_post_layout":"","_bst_post_sidebar_id":"","_bst_post_content_style":"","_bst_post_vertical_padding":"","_bst_post_feature":"","_bst_post_feature_position":"","_bst_post_header":false,"_bst_post_footer":false,"footnotes":""},"class_list":["post-7424","page","type-page","status-publish","hentry"],"_links":{"self":[{"href":"https:\/\/farmel.si\/en\/wp-json\/wp\/v2\/pages\/7424","targetHints":{"allow":["GET"]}}],"collection":[{"href":"https:\/\/farmel.si\/en\/wp-json\/wp\/v2\/pages"}],"about":[{"href":"https:\/\/farmel.si\/en\/wp-json\/wp\/v2\/types\/page"}],"author":[{"embeddable":true,"href":"https:\/\/farmel.si\/en\/wp-json\/wp\/v2\/users\/2"}],"replies":[{"embeddable":true,"href":"https:\/\/farmel.si\/en\/wp-json\/wp\/v2\/comments?post=7424"}],"version-history":[{"count":9,"href":"https:\/\/farmel.si\/en\/wp-json\/wp\/v2\/pages\/7424\/revisions"}],"predecessor-version":[{"id":7434,"href":"https:\/\/farmel.si\/en\/wp-json\/wp\/v2\/pages\/7424\/revisions\/7434"}],"wp:attachment":[{"href":"https:\/\/farmel.si\/en\/wp-json\/wp\/v2\/media?parent=7424"}],"curies":[{"name":"wp","href":"https:\/\/api.w.org\/{rel}","templated":true}]}}