{"id":7486,"date":"2025-12-05T11:10:55","date_gmt":"2025-12-05T09:10:55","guid":{"rendered":"https:\/\/farmel.si\/?page_id=7486"},"modified":"2025-12-05T12:33:52","modified_gmt":"2025-12-05T10:33:52","slug":"robniki-in-kotniki-za-zascito-robov","status":"publish","type":"page","link":"https:\/\/farmel.si\/en\/robniki-in-kotniki-za-zascito-robov\/","title":{"rendered":"Robniki in kotniki za za\u0161\u010dito robov"},"content":{"rendered":"<div data-elementor-type=\"wp-page\" data-elementor-id=\"7486\" class=\"elementor elementor-7486\">\n\t\t\t\t<div class=\"elementor-element elementor-element-38810c93 e-flex e-con-boxed e-con e-parent\" data-id=\"38810c93\" data-element_type=\"container\" data-e-type=\"container\">\n\t\t\t\t\t<div class=\"e-con-inner\">\n\t\t\t\t<div class=\"elementor-element elementor-element-67bf2531 elementor-widget elementor-widget-text-editor\" data-id=\"67bf2531\" data-element_type=\"widget\" data-e-type=\"widget\" data-widget_type=\"text-editor.default\">\n\t\t\t\t<div class=\"elementor-widget-container\">\n\t\t\t\t\t\t\t\t\t\n<p>Za u\u010dinkovito za\u0161\u010dito robov in vogalov izdelkov ter palet ponujamo robnike iz penjenega polietilena in kartonske kotnike. Ti elementi prepre\u010dujejo po\u0161kodbe zaradi trakov, udarcev in pritiska med skladi\u0161\u010denjem ali transportom.<\/p>\n\n<h5 class=\"wp-block-heading\">Robniki iz penjenega polietilena<\/h5>\n\n<ul class=\"wp-block-list\">\n<li>Za\u0161\u010dita robov ob\u010dutljivih izdelkov (pohi\u0161tvo, steklo, plo\u0161\u010de \u2026)<\/li>\n\n<li>Lahki, fleksibilni in odporni proti vlagi<\/li>\n\n<li>Razli\u010dni profili in dimenzije (navedeni pri artiklih)<\/li>\n<\/ul>\n\n<h5 class=\"wp-block-heading\">Kartonski kotniki<\/h5>\n\n<ul class=\"wp-block-list\">\n<li>Stabilizacija palet in za\u0161\u010dita robov pri povezovanju s trakovi in folijo<\/li>\n\n<li>Razli\u010dne dol\u017eine in dimenzije nog<\/li>\n\n<li>Mo\u017enost uporabe v kombinaciji s stretch folijo in povezovalnimi trakovi<\/li>\n<\/ul>\n<p><img fetchpriority=\"high\" decoding=\"async\" class=\"wp-image-7493 aligncenter\" src=\"https:\/\/farmel.si\/wp-content\/uploads\/2025\/12\/PP-profili-1.png\" alt=\"\" width=\"500\" height=\"325\" srcset=\"https:\/\/farmel.si\/wp-content\/uploads\/2025\/12\/PP-profili-1.png 2560w, https:\/\/farmel.si\/wp-content\/uploads\/2025\/12\/PP-profili-1-768x499.png 768w, https:\/\/farmel.si\/wp-content\/uploads\/2025\/12\/PP-profili-1-1536x998.png 1536w, https:\/\/farmel.si\/wp-content\/uploads\/2025\/12\/PP-profili-1-2048x1331.png 2048w, https:\/\/farmel.si\/wp-content\/uploads\/2025\/12\/PP-profili-1-300x195.png 300w, https:\/\/farmel.si\/wp-content\/uploads\/2025\/12\/PP-profili-1-600x390.png 600w, https:\/\/farmel.si\/wp-content\/uploads\/2025\/12\/PP-profili-1-100x65.png 100w\" sizes=\"(max-width: 500px) 100vw, 500px\" \/><\/p>\n<p>\u00a0<\/p>\n\t\t\t\t\t\t\t\t<\/div>\n\t\t\t\t<\/div>\n\t\t\t\t\t<\/div>\n\t\t\t\t<\/div>\n\t\t\t\t<\/div>","protected":false},"excerpt":{"rendered":"<p>Za u\u010dinkovito za\u0161\u010dito robov in vogalov izdelkov ter palet ponujamo robnike iz penjenega polietilena in kartonske kotnike. Ti elementi prepre\u010dujejo po\u0161kodbe zaradi trakov, udarcev in pritiska med skladi\u0161\u010denjem ali transportom. Robniki iz penjenega polietilena Kartonski kotniki<\/p>","protected":false},"author":2,"featured_media":0,"parent":0,"menu_order":0,"comment_status":"closed","ping_status":"closed","template":"","meta":{"_bst_post_transparent":"","_bst_post_title":"","_bst_post_layout":"","_bst_post_sidebar_id":"","_bst_post_content_style":"","_bst_post_vertical_padding":"","_bst_post_feature":"","_bst_post_feature_position":"","_bst_post_header":false,"_bst_post_footer":false,"footnotes":""},"class_list":["post-7486","page","type-page","status-publish","hentry"],"_links":{"self":[{"href":"https:\/\/farmel.si\/en\/wp-json\/wp\/v2\/pages\/7486","targetHints":{"allow":["GET"]}}],"collection":[{"href":"https:\/\/farmel.si\/en\/wp-json\/wp\/v2\/pages"}],"about":[{"href":"https:\/\/farmel.si\/en\/wp-json\/wp\/v2\/types\/page"}],"author":[{"embeddable":true,"href":"https:\/\/farmel.si\/en\/wp-json\/wp\/v2\/users\/2"}],"replies":[{"embeddable":true,"href":"https:\/\/farmel.si\/en\/wp-json\/wp\/v2\/comments?post=7486"}],"version-history":[{"count":7,"href":"https:\/\/farmel.si\/en\/wp-json\/wp\/v2\/pages\/7486\/revisions"}],"predecessor-version":[{"id":7496,"href":"https:\/\/farmel.si\/en\/wp-json\/wp\/v2\/pages\/7486\/revisions\/7496"}],"wp:attachment":[{"href":"https:\/\/farmel.si\/en\/wp-json\/wp\/v2\/media?parent=7486"}],"curies":[{"name":"wp","href":"https:\/\/api.w.org\/{rel}","templated":true}]}}