{"id":7502,"date":"2025-12-05T15:25:39","date_gmt":"2025-12-05T13:25:39","guid":{"rendered":"https:\/\/farmel.si\/?page_id=7502"},"modified":"2025-12-05T15:29:11","modified_gmt":"2025-12-05T13:29:11","slug":"stretch-folije-za-rocno-in-strojno-ovijanje","status":"publish","type":"page","link":"https:\/\/farmel.si\/en\/stretch-folije-za-rocno-in-strojno-ovijanje\/","title":{"rendered":"Stretch folije za ro\u010dno in strojno ovijanje"},"content":{"rendered":"<div data-elementor-type=\"wp-page\" data-elementor-id=\"7502\" class=\"elementor elementor-7502\">\n\t\t\t\t<div class=\"elementor-element elementor-element-6b70829d e-flex e-con-boxed e-con e-parent\" data-id=\"6b70829d\" data-element_type=\"container\" data-e-type=\"container\">\n\t\t\t\t\t<div class=\"e-con-inner\">\n\t\t\t\t<div class=\"elementor-element elementor-element-1380b8c9 elementor-widget elementor-widget-text-editor\" data-id=\"1380b8c9\" data-element_type=\"widget\" data-e-type=\"widget\" data-widget_type=\"text-editor.default\">\n\t\t\t\t<div class=\"elementor-widget-container\">\n\t\t\t\t\t\t\t\t\t\n<p>Stretch folije so nepogre\u0161ljiv del pakiranja in za\u0161\u010dite tovora pred prahom, vlago in premikanjem med transportom. V ponudbi imamo folije za ro\u010dno in strojno ovijanje, v razli\u010dnih \u0161irinah, debelinah in barvah.<\/p>\n\n<h5 class=\"wp-block-heading\">Ro\u010dne stretch folije<\/h5>\n\n<p>Klju\u010dne zna\u010dilnosti:<\/p>\n\n<ul class=\"wp-block-list\">\n<li>\u0160irine: 100, 125, 250 mm ter 500 mm<\/li>\n\n<li>Pri \u0161irini 500 mm: role cca 5 kg ali 3 kg<\/li>\n\n<li>Debeline: 15 mikronov in 23 mikronov<\/li>\n\n<li>Barva: transparentna, na voljo tudi \u010drna<\/li>\n<\/ul>\n\n<h5 class=\"wp-block-heading\">Strojne stretch folije<\/h5>\n\n<ul class=\"wp-block-list\">\n<li>Za vse standardne strojne ovijalce palet<\/li>\n\n<li>Razli\u010dne natezne lastnosti in debeline\u00a0<\/li>\n\n<li>Primerna za visoke obremenitve in intenzivno industrijsko uporabo<\/li>\n<\/ul>\n<p><img fetchpriority=\"high\" decoding=\"async\" class=\"wp-image-7342 aligncenter\" src=\"https:\/\/farmel.si\/wp-content\/uploads\/2025\/12\/stretch-folija-min-5500x5500.png\" alt=\"\" width=\"500\" height=\"575\" \/><\/p>\n\t\t\t\t\t\t\t\t<\/div>\n\t\t\t\t<\/div>\n\t\t\t\t\t<\/div>\n\t\t\t\t<\/div>\n\t\t\t\t<\/div>","protected":false},"excerpt":{"rendered":"<p>Stretch folije so nepogre\u0161ljiv del pakiranja in za\u0161\u010dite tovora pred prahom, vlago in premikanjem med transportom. V ponudbi imamo folije za ro\u010dno in strojno ovijanje, v razli\u010dnih \u0161irinah, debelinah in barvah. Ro\u010dne stretch folije Klju\u010dne zna\u010dilnosti: Strojne stretch folije<\/p>","protected":false},"author":2,"featured_media":0,"parent":0,"menu_order":0,"comment_status":"closed","ping_status":"closed","template":"","meta":{"_bst_post_transparent":"","_bst_post_title":"","_bst_post_layout":"","_bst_post_sidebar_id":"","_bst_post_content_style":"","_bst_post_vertical_padding":"","_bst_post_feature":"","_bst_post_feature_position":"","_bst_post_header":false,"_bst_post_footer":false,"footnotes":""},"class_list":["post-7502","page","type-page","status-publish","hentry"],"_links":{"self":[{"href":"https:\/\/farmel.si\/en\/wp-json\/wp\/v2\/pages\/7502","targetHints":{"allow":["GET"]}}],"collection":[{"href":"https:\/\/farmel.si\/en\/wp-json\/wp\/v2\/pages"}],"about":[{"href":"https:\/\/farmel.si\/en\/wp-json\/wp\/v2\/types\/page"}],"author":[{"embeddable":true,"href":"https:\/\/farmel.si\/en\/wp-json\/wp\/v2\/users\/2"}],"replies":[{"embeddable":true,"href":"https:\/\/farmel.si\/en\/wp-json\/wp\/v2\/comments?post=7502"}],"version-history":[{"count":7,"href":"https:\/\/farmel.si\/en\/wp-json\/wp\/v2\/pages\/7502\/revisions"}],"predecessor-version":[{"id":7512,"href":"https:\/\/farmel.si\/en\/wp-json\/wp\/v2\/pages\/7502\/revisions\/7512"}],"wp:attachment":[{"href":"https:\/\/farmel.si\/en\/wp-json\/wp\/v2\/media?parent=7502"}],"curies":[{"name":"wp","href":"https:\/\/api.w.org\/{rel}","templated":true}]}}