{"id":7515,"date":"2025-12-05T15:32:58","date_gmt":"2025-12-05T13:32:58","guid":{"rendered":"https:\/\/farmel.si\/?page_id=7515"},"modified":"2025-12-05T15:35:13","modified_gmt":"2025-12-05T13:35:13","slug":"lepilni-trakovi-za-pakiranje-in-zascito","status":"publish","type":"page","link":"https:\/\/farmel.si\/en\/lepilni-trakovi-za-pakiranje-in-zascito\/","title":{"rendered":"Lepilni trakovi za pakiranje in za\u0161\u010dito"},"content":{"rendered":"<div data-elementor-type=\"wp-page\" data-elementor-id=\"7515\" class=\"elementor elementor-7515\">\n\t\t\t\t<div class=\"elementor-element elementor-element-6f1cabb e-flex e-con-boxed e-con e-parent\" data-id=\"6f1cabb\" data-element_type=\"container\" data-e-type=\"container\">\n\t\t\t\t\t<div class=\"e-con-inner\">\n\t\t\t\t<div class=\"elementor-element elementor-element-115e6dd3 elementor-widget elementor-widget-text-editor\" data-id=\"115e6dd3\" data-element_type=\"widget\" data-e-type=\"widget\" data-widget_type=\"text-editor.default\">\n\t\t\t\t<div class=\"elementor-widget-container\">\n\t\t\t\t\t\t\t\t\t\n<p>V ponudbi imamo \u0161irok nabor lepilnih trakov za pakiranje \u0161katel, za\u0161\u010dito povr\u0161in in ozna\u010devanje. Glede na namen uporabe izberete ustrezen material, lepilo in \u0161irino traku.<\/p>\n\n<h5 class=\"wp-block-heading\">Papirni lepilni trakovi<\/h5>\n\n<ul class=\"wp-block-list\">\n<li>Okolju prijazna alternativa klasi\u010dnim plasti\u010dnim trakom<\/li>\n\n<li>Mo\u017enost recikliranja skupaj s kartonsko embala\u017eo<\/li>\n\n<li>Za pakiranje in ozna\u010devanje<\/li>\n<\/ul>\n\n<h5 class=\"wp-block-heading\">Potiskani lepilni trakovi<\/h5>\n\n<ul class=\"wp-block-list\">\n<li>Trakovi z logotipom ali poljubnim potiskom<\/li>\n\n<li>Primerni za ozna\u010devanje pakiranja in promocijo blagovne znamke<\/li>\n\n<li>Diferenciacija po\u0161iljk in ve\u010dja prepoznavnost podjetja<\/li>\n<\/ul>\n\n<h5 class=\"wp-block-heading\">Embala\u017eni lepilni trakovi<\/h5>\n\n<ul class=\"wp-block-list\">\n<li>Standardni pakirni trakovi za zapiranje kartonskih \u0161katel<\/li>\n\n<li>Na voljo razli\u010dne \u0161irine, lepila (akril, hot-melt, solvent) in barve<\/li>\n\n<li>Primerni za ro\u010dno in strojno lepljenje<\/li>\n<\/ul>\n\n<h5 class=\"wp-block-heading\">Za\u0161\u010ditni (krep) lepilni trakovi<\/h5>\n\n<ul class=\"wp-block-list\">\n<li>Krep trakovi za za\u0161\u010dito pri barvanju in drugih obdelavah povr\u0161in<\/li>\n\n<li>Enostavno odstranjevanje brez ostankov lepila<\/li>\n<\/ul>\n\n<p>Primerni za obrtni\u0161tvo, industrijo in doma\u010do uporabo<\/p>\n<p><img fetchpriority=\"high\" decoding=\"async\" class=\"wp-image-7343 aligncenter\" src=\"https:\/\/farmel.si\/wp-content\/uploads\/2025\/12\/lepilni-trakovi-min-5500x5500.png\" alt=\"\" width=\"500\" height=\"288\" \/><\/p>\n\t\t\t\t\t\t\t\t<\/div>\n\t\t\t\t<\/div>\n\t\t\t\t\t<\/div>\n\t\t\t\t<\/div>\n\t\t\t\t<\/div>","protected":false},"excerpt":{"rendered":"<p>V ponudbi imamo \u0161irok nabor lepilnih trakov za pakiranje \u0161katel, za\u0161\u010dito povr\u0161in in ozna\u010devanje. Glede na namen uporabe izberete ustrezen material, lepilo in \u0161irino traku. Papirni lepilni trakovi Potiskani lepilni trakovi Embala\u017eni lepilni trakovi Za\u0161\u010ditni (krep) lepilni trakovi Primerni za obrtni\u0161tvo, industrijo in doma\u010do uporabo<\/p>","protected":false},"author":2,"featured_media":0,"parent":0,"menu_order":0,"comment_status":"closed","ping_status":"closed","template":"","meta":{"_bst_post_transparent":"","_bst_post_title":"","_bst_post_layout":"","_bst_post_sidebar_id":"","_bst_post_content_style":"","_bst_post_vertical_padding":"","_bst_post_feature":"","_bst_post_feature_position":"","_bst_post_header":false,"_bst_post_footer":false,"footnotes":""},"class_list":["post-7515","page","type-page","status-publish","hentry"],"_links":{"self":[{"href":"https:\/\/farmel.si\/en\/wp-json\/wp\/v2\/pages\/7515","targetHints":{"allow":["GET"]}}],"collection":[{"href":"https:\/\/farmel.si\/en\/wp-json\/wp\/v2\/pages"}],"about":[{"href":"https:\/\/farmel.si\/en\/wp-json\/wp\/v2\/types\/page"}],"author":[{"embeddable":true,"href":"https:\/\/farmel.si\/en\/wp-json\/wp\/v2\/users\/2"}],"replies":[{"embeddable":true,"href":"https:\/\/farmel.si\/en\/wp-json\/wp\/v2\/comments?post=7515"}],"version-history":[{"count":4,"href":"https:\/\/farmel.si\/en\/wp-json\/wp\/v2\/pages\/7515\/revisions"}],"predecessor-version":[{"id":7520,"href":"https:\/\/farmel.si\/en\/wp-json\/wp\/v2\/pages\/7515\/revisions\/7520"}],"wp:attachment":[{"href":"https:\/\/farmel.si\/en\/wp-json\/wp\/v2\/media?parent=7515"}],"curies":[{"name":"wp","href":"https:\/\/api.w.org\/{rel}","templated":true}]}}