{"id":10542,"date":"2025-12-29T08:54:10","date_gmt":"2025-12-29T06:54:10","guid":{"rendered":"https:\/\/farmel.si\/?post_type=product&#038;p=10542"},"modified":"2026-03-26T09:04:05","modified_gmt":"2026-03-26T07:04:05","slug":"makita-el-kotni-brusilnik-ga9030rf01-2400w-230-mm","status":"publish","type":"product","link":"https:\/\/farmel.si\/en\/product\/makita-el-kotni-brusilnik-ga9030rf01-2400w-230-mm\/","title":{"rendered":"MAKITA EL. KOTNI BRUSILNIK GA9030RF01 2400W 230MM"},"content":{"rendered":"<table class=\"spec_table\">\n<tbody>\n<tr>\n<td>Mo\u010d<\/td>\n<td class=\"value\">2.400 W<\/td>\n<\/tr>\n<tr>\n<td>\u0160t. vrtljajev &#8211; prosti tek<\/td>\n<td class=\"value\">6.600 min-1<\/td>\n<\/tr>\n<tr>\n<td>Brusilna plo\u0161\u010da (\u00d8)<\/td>\n<td class=\"value\">230 mm<\/td>\n<\/tr>\n<tr>\n<td>Nastavitev vrtljajev<\/td>\n<td class=\"value\">NE<\/td>\n<\/tr>\n<tr>\n<td>Varnostna sklopka<\/td>\n<td class=\"value\">NE<\/td>\n<\/tr>\n<tr>\n<td>Antivibracijski sistem<\/td>\n<td class=\"value\">DA<\/td>\n<\/tr>\n<tr>\n<td>Mehki zagon<\/td>\n<td class=\"value\">DA<\/td>\n<\/tr>\n<tr>\n<td>Mere (D x \u0160 x V)<\/td>\n<td class=\"value\">503 x 250 x 140 mm<\/td>\n<\/tr>\n<tr>\n<td>Te\u017ea<\/td>\n<td class=\"value\">6,5 kg<\/td>\n<\/tr>\n<\/tbody>\n<\/table>","protected":false},"excerpt":{"rendered":"<p>Mo\u010d 2.400 W \u0160t. vrtljajev &#8211; prosti tek 6.600 min-1 Brusilna plo\u0161\u010da (\u00d8) 230 mm Nastavitev vrtljajev NE Varnostna sklopka NE Antivibracijski sistem DA Mehki zagon DA Mere (D x \u0160 x V) 503 x 250 x 140 mm Te\u017ea 6,5 kg<\/p>","protected":false},"featured_media":10543,"template":"","meta":{"_bst_post_transparent":"default","_bst_post_title":"","_bst_post_layout":"default","_bst_post_sidebar_id":"","_bst_post_content_style":"default","_bst_post_vertical_padding":"default","_bst_post_feature":"","_bst_post_feature_position":"","_bst_post_header":false,"_bst_post_footer":false},"product_brand":[],"product_cat":[390,113,359,380],"product_tag":[],"product_brands":[],"class_list":{"0":"post-10542","1":"product","2":"type-product","3":"status-publish","4":"has-post-thumbnail","6":"product_cat-makita-orodje","7":"product_cat-elektricno-orodje-makita","8":"product_cat-brusilniki","9":"product_cat-elektricne-kotne-brusilke","11":"first","12":"instock","13":"taxable","14":"shipping-taxable","15":"purchasable","16":"product-type-simple","17":"entry","18":"content-bg","19":"loop-entry"},"_links":{"self":[{"href":"https:\/\/farmel.si\/en\/wp-json\/wp\/v2\/product\/10542","targetHints":{"allow":["GET"]}}],"collection":[{"href":"https:\/\/farmel.si\/en\/wp-json\/wp\/v2\/product"}],"about":[{"href":"https:\/\/farmel.si\/en\/wp-json\/wp\/v2\/types\/product"}],"version-history":[{"count":2,"href":"https:\/\/farmel.si\/en\/wp-json\/wp\/v2\/product\/10542\/revisions"}],"predecessor-version":[{"id":10545,"href":"https:\/\/farmel.si\/en\/wp-json\/wp\/v2\/product\/10542\/revisions\/10545"}],"wp:featuredmedia":[{"embeddable":true,"href":"https:\/\/farmel.si\/en\/wp-json\/wp\/v2\/media\/10543"}],"wp:attachment":[{"href":"https:\/\/farmel.si\/en\/wp-json\/wp\/v2\/media?parent=10542"}],"wp:term":[{"taxonomy":"product_brand","embeddable":true,"href":"https:\/\/farmel.si\/en\/wp-json\/wp\/v2\/product_brand?post=10542"},{"taxonomy":"product_cat","embeddable":true,"href":"https:\/\/farmel.si\/en\/wp-json\/wp\/v2\/product_cat?post=10542"},{"taxonomy":"product_tag","embeddable":true,"href":"https:\/\/farmel.si\/en\/wp-json\/wp\/v2\/product_tag?post=10542"},{"taxonomy":"product_brands","embeddable":true,"href":"https:\/\/farmel.si\/en\/wp-json\/wp\/v2\/product_brands?post=10542"}],"curies":[{"name":"wp","href":"https:\/\/api.w.org\/{rel}","templated":true}]}}