{"id":10567,"date":"2025-12-29T13:27:44","date_gmt":"2025-12-29T11:27:44","guid":{"rendered":"https:\/\/farmel.si\/?post_type=product&#038;p=10567"},"modified":"2026-03-13T15:09:40","modified_gmt":"2026-03-13T13:09:40","slug":"makita-el-kotni-brusilnik-9558hnrg-840w-125mm","status":"publish","type":"product","link":"https:\/\/farmel.si\/en\/product\/makita-el-kotni-brusilnik-9558hnrg-840w-125mm\/","title":{"rendered":"MAKITA EL. KOTNI BRUSILNIK 9558HNRG 840W 125MM"},"content":{"rendered":"<table class=\"spec_table\">\n<tbody>\n<tr>\n<td>Mo\u010d<\/td>\n<td class=\"value\">840 W<\/td>\n<\/tr>\n<tr>\n<td>\u0160t. vrtljajev &#8211; prosti tek<\/td>\n<td class=\"value\">11.000 min-1<\/td>\n<\/tr>\n<tr>\n<td>Brusilna plo\u0161\u010da (\u00d8)<\/td>\n<td class=\"value\">125 mm<\/td>\n<\/tr>\n<tr>\n<td>Nastavitev vrtljajev<\/td>\n<td class=\"value\">NE<\/td>\n<\/tr>\n<tr>\n<td>Varnostna sklopka<\/td>\n<td class=\"value\">NE<\/td>\n<\/tr>\n<tr>\n<td>Antivibracijski sistem<\/td>\n<td class=\"value\">NE<\/td>\n<\/tr>\n<tr>\n<td>Mehki zagon<\/td>\n<td class=\"value\">NE<\/td>\n<\/tr>\n<tr>\n<td>Mere (D x \u0160 x V)<\/td>\n<td class=\"value\">271 x 139 x 106 mm<\/td>\n<\/tr>\n<tr>\n<td>Te\u017ea<\/td>\n<td class=\"value\">2,1 kg<\/td>\n<\/tr>\n<\/tbody>\n<\/table>","protected":false},"excerpt":{"rendered":"<p>Mo\u010d 840 W \u0160t. vrtljajev &#8211; prosti tek 11.000 min-1 Brusilna plo\u0161\u010da (\u00d8) 125 mm Nastavitev vrtljajev NE Varnostna sklopka NE Antivibracijski sistem NE Mehki zagon NE Mere (D x \u0160 x V) 271 x 139 x 106 mm Te\u017ea 2,1 kg<\/p>","protected":false},"featured_media":10569,"template":"","meta":{"_bst_post_transparent":"default","_bst_post_title":"","_bst_post_layout":"default","_bst_post_sidebar_id":"","_bst_post_content_style":"default","_bst_post_vertical_padding":"default","_bst_post_feature":"","_bst_post_feature_position":"","_bst_post_header":false,"_bst_post_footer":false},"product_brand":[],"product_cat":[390,113,359,15,380],"product_tag":[],"product_brands":[],"class_list":{"0":"post-10567","1":"product","2":"type-product","3":"status-publish","4":"has-post-thumbnail","6":"product_cat-makita-orodje","7":"product_cat-elektricno-orodje-makita","8":"product_cat-brusilniki","9":"product_cat-nekategorizirano","10":"product_cat-elektricne-kotne-brusilke","12":"first","13":"instock","14":"taxable","15":"shipping-taxable","16":"purchasable","17":"product-type-simple","18":"entry","19":"content-bg","20":"loop-entry"},"_links":{"self":[{"href":"https:\/\/farmel.si\/en\/wp-json\/wp\/v2\/product\/10567","targetHints":{"allow":["GET"]}}],"collection":[{"href":"https:\/\/farmel.si\/en\/wp-json\/wp\/v2\/product"}],"about":[{"href":"https:\/\/farmel.si\/en\/wp-json\/wp\/v2\/types\/product"}],"version-history":[{"count":1,"href":"https:\/\/farmel.si\/en\/wp-json\/wp\/v2\/product\/10567\/revisions"}],"predecessor-version":[{"id":10568,"href":"https:\/\/farmel.si\/en\/wp-json\/wp\/v2\/product\/10567\/revisions\/10568"}],"wp:featuredmedia":[{"embeddable":true,"href":"https:\/\/farmel.si\/en\/wp-json\/wp\/v2\/media\/10569"}],"wp:attachment":[{"href":"https:\/\/farmel.si\/en\/wp-json\/wp\/v2\/media?parent=10567"}],"wp:term":[{"taxonomy":"product_brand","embeddable":true,"href":"https:\/\/farmel.si\/en\/wp-json\/wp\/v2\/product_brand?post=10567"},{"taxonomy":"product_cat","embeddable":true,"href":"https:\/\/farmel.si\/en\/wp-json\/wp\/v2\/product_cat?post=10567"},{"taxonomy":"product_tag","embeddable":true,"href":"https:\/\/farmel.si\/en\/wp-json\/wp\/v2\/product_tag?post=10567"},{"taxonomy":"product_brands","embeddable":true,"href":"https:\/\/farmel.si\/en\/wp-json\/wp\/v2\/product_brands?post=10567"}],"curies":[{"name":"wp","href":"https:\/\/api.w.org\/{rel}","templated":true}]}}