{"id":10602,"date":"2026-01-05T11:26:14","date_gmt":"2026-01-05T09:26:14","guid":{"rendered":"https:\/\/farmel.si\/?post_type=product&#038;p=10602"},"modified":"2026-04-20T15:21:06","modified_gmt":"2026-04-20T13:21:06","slug":"makita-aku-set-dlx2528tj-18v-dhp489dtd173dc18rc2xbl1850makpac4","status":"publish","type":"product","link":"https:\/\/farmel.si\/en\/product\/makita-aku-set-dlx2528tj-18v-dhp489dtd173dc18rc2xbl1850makpac4\/","title":{"rendered":"MAKITA AKU SET DLX2528TJ 18V (DHP489+DTD173+DC18RC+2XBL1850+MAKPAC4)"},"content":{"rendered":"<h3><a href=\"https:\/\/www.masinca.si\/akumulatorski-vibracijski-vrtalnik-vijacnik-makita-dhp489z\" target=\"_blank\" rel=\"noopener\">Akumulatorski vibracijski vrtalnik vija\u010dnik MAKITA DHP489<\/a><\/h3>\n<ul>\n<li>Napetost akumulatorja 18 V<\/li>\n<li>\u0160t. vrtljajev &#8211; prosti tek 1.st. 0 &#8211; 550 min-1<\/li>\n<li>\u0160t. vrtljajev &#8211; prosti tek 2.st. 0 &#8211; 1.800 min-1<\/li>\n<li>Razpon vpenjalne glave 1,5 &#8211; 13 mm<\/li>\n<li>Zmogljivost vrtanja (jeklo O) 13 mm<\/li>\n<li>Zmogljivost vrtanja (les O) 38 mm<\/li>\n<li>Zmogljivost vrtanja (beton O) 16 mm<\/li>\n<li>\u0160t. nastavitev vrtilnega momenta 21 + D<\/li>\n<li>Vrtilni moment \/ trdo 73 Nm<\/li>\n<li>Vrtilni moment \/ mehko 40 Nm<\/li>\n<li>\u0160tevilo mehanskih prestav 2<\/li>\n<li>Mere (D x \u0160 x V) 175 x 81 x 261 mm<\/li>\n<li>Te\u017ea 2,2 kg<\/li>\n<\/ul>\n<h3><a href=\"https:\/\/www.masinca.si\/akumulatorski-udarni-vijacnik-18v-lxt-makita-dtd173z\" target=\"_blank\" rel=\"noopener\">Akumulatorski udarni vija\u010dnik MAKITA DTD173<\/a><\/h3>\n<ul>\n<li>Napetost akumulatorja 18 V<\/li>\n<li>\u0160t. vrtljajev &#8211; prosti tek 0 &#8211; 1.100 \/ 2.100 \/ 3.200 \/ 3.600 min-1<\/li>\n<li>\u0160tevilo udarcev 0 &#8211; 1.100 \/ 2.600 \/ 3.600 \/ 3.800 min-1<\/li>\n<li>Obi\u010dajni vijaki M5 &#8211; M16<\/li>\n<li>Vpenjalo orodja \u0160estrobno 1\/4 &#8220;<\/li>\n<li>Maks. vrtilni moment 180 Nm<\/li>\n<li>Mere (D x \u0160 x V) 111 x 81 x 234 mm<\/li>\n<li>Te\u017ea 1,5 kg<\/li>\n<\/ul>","protected":false},"excerpt":{"rendered":"<p>Akumulatorski vibracijski vrtalnik vija\u010dnik MAKITA DHP489 Napetost akumulatorja 18 V \u0160t. vrtljajev &#8211; prosti tek 1.st. 0 &#8211; 550 min-1 \u0160t. vrtljajev &#8211; prosti tek 2.st. 0 &#8211; 1.800 min-1 Razpon vpenjalne glave 1,5 &#8211; 13 mm Zmogljivost vrtanja (jeklo O) 13 mm Zmogljivost vrtanja (les O) 38 mm Zmogljivost vrtanja (beton O) 16 mm&#8230;<\/p>","protected":false},"featured_media":10604,"template":"","meta":{"_bst_post_transparent":"default","_bst_post_title":"","_bst_post_layout":"default","_bst_post_sidebar_id":"","_bst_post_content_style":"default","_bst_post_vertical_padding":"default","_bst_post_feature":"","_bst_post_feature_position":"","_bst_post_header":false,"_bst_post_footer":false},"product_brand":[],"product_cat":[101,327,390,391],"product_tag":[],"product_brands":[],"class_list":{"0":"post-10602","1":"product","2":"type-product","3":"status-publish","4":"has-post-thumbnail","6":"product_cat-akumulatorsko-orodje-makita","7":"product_cat-akumulatorski-vrtalniki-vijacniki","8":"product_cat-makita-orodje","9":"product_cat-makita-akumulatorski-vibracijski-vijacniki-vrtalniki","11":"first","12":"outofstock","13":"taxable","14":"shipping-taxable","15":"purchasable","16":"product-type-simple","17":"entry","18":"content-bg","19":"loop-entry"},"_links":{"self":[{"href":"https:\/\/farmel.si\/en\/wp-json\/wp\/v2\/product\/10602","targetHints":{"allow":["GET"]}}],"collection":[{"href":"https:\/\/farmel.si\/en\/wp-json\/wp\/v2\/product"}],"about":[{"href":"https:\/\/farmel.si\/en\/wp-json\/wp\/v2\/types\/product"}],"version-history":[{"count":1,"href":"https:\/\/farmel.si\/en\/wp-json\/wp\/v2\/product\/10602\/revisions"}],"predecessor-version":[{"id":10603,"href":"https:\/\/farmel.si\/en\/wp-json\/wp\/v2\/product\/10602\/revisions\/10603"}],"wp:featuredmedia":[{"embeddable":true,"href":"https:\/\/farmel.si\/en\/wp-json\/wp\/v2\/media\/10604"}],"wp:attachment":[{"href":"https:\/\/farmel.si\/en\/wp-json\/wp\/v2\/media?parent=10602"}],"wp:term":[{"taxonomy":"product_brand","embeddable":true,"href":"https:\/\/farmel.si\/en\/wp-json\/wp\/v2\/product_brand?post=10602"},{"taxonomy":"product_cat","embeddable":true,"href":"https:\/\/farmel.si\/en\/wp-json\/wp\/v2\/product_cat?post=10602"},{"taxonomy":"product_tag","embeddable":true,"href":"https:\/\/farmel.si\/en\/wp-json\/wp\/v2\/product_tag?post=10602"},{"taxonomy":"product_brands","embeddable":true,"href":"https:\/\/farmel.si\/en\/wp-json\/wp\/v2\/product_brands?post=10602"}],"curies":[{"name":"wp","href":"https:\/\/api.w.org\/{rel}","templated":true}]}}