{"id":7397,"date":"2025-12-04T16:34:17","date_gmt":"2025-12-04T14:34:17","guid":{"rendered":"https:\/\/farmel.si\/?post_type=product&#038;p=7397"},"modified":"2026-03-13T15:13:30","modified_gmt":"2026-03-13T13:13:30","slug":"makita-aku-vrtalno-kladivo-dhr171z-18v-sds-plus","status":"publish","type":"product","link":"https:\/\/farmel.si\/en\/product\/makita-aku-vrtalno-kladivo-dhr171z-18v-sds-plus\/","title":{"rendered":"MAKITA AKU VRTALNO KLADIVO DHR171Z 18V SDS-PLUS"},"content":{"rendered":"<table class=\"spec_table\">\n<tbody>\n<tr>\n<td>Napetost akumulatorja<\/td>\n<td class=\"value\">18 V LXT<\/td>\n<\/tr>\n<tr>\n<td>Kapaciteta akumulatorja<\/td>\n<td class=\"value\">1,5 \/ 2,0 \/ 3,0 \/ 4,0 \/ 5,0 \/ 6,0 Ah LXT<\/td>\n<\/tr>\n<tr>\n<td>V kompletu z akumulatorji<\/td>\n<td class=\"value\">NE<\/td>\n<\/tr>\n<tr>\n<td>\u0160t. vrtljajev &#8211; prosti tek<\/td>\n<td class=\"value\">0 &#8211; 680 min-1<\/td>\n<\/tr>\n<tr>\n<td>\u0160t. udarcev<\/td>\n<td class=\"value\">0 &#8211; 4.800 min-1<\/td>\n<\/tr>\n<tr>\n<td>Mo\u010d posameznega udarca<\/td>\n<td class=\"value\">1,2 J<\/td>\n<\/tr>\n<tr>\n<td>Na\u010din delovanja<\/td>\n<td class=\"value\">2 &#8211; udarno vrtanje in vrtanje<\/td>\n<\/tr>\n<tr>\n<td>Vrtanje (beton \u00d8)<\/td>\n<td class=\"value\">17 mm<\/td>\n<\/tr>\n<tr>\n<td>Vrtanje (les \u00d8)<\/td>\n<td class=\"value\">13 mm<\/td>\n<\/tr>\n<tr>\n<td>Vrtanje (jeklo \u00d8)<\/td>\n<td class=\"value\">10 mm<\/td>\n<\/tr>\n<tr>\n<td>Vpenjalna glava<\/td>\n<td class=\"value\">SDS &#8211; Plus<\/td>\n<\/tr>\n<tr>\n<td>Brezkrta\u010dni motor<\/td>\n<td class=\"value\">DA<\/td>\n<\/tr>\n<tr>\n<td>LED delovna lu\u010dka<\/td>\n<td class=\"value\">DA<\/td>\n<\/tr>\n<tr>\n<td>Mere (D x \u0160 x V)<\/td>\n<td class=\"value\">273 x 86 x 211 mm<\/td>\n<\/tr>\n<tr>\n<td>Te\u017ea<\/td>\n<td class=\"value\">2,8 kg<\/td>\n<\/tr>\n<\/tbody>\n<\/table>","protected":false},"excerpt":{"rendered":"<p>Napetost akumulatorja 18 V LXT Kapaciteta akumulatorja 1,5 \/ 2,0 \/ 3,0 \/ 4,0 \/ 5,0 \/ 6,0 Ah LXT V kompletu z akumulatorji NE \u0160t. vrtljajev &#8211; prosti tek 0 &#8211; 680 min-1 \u0160t. udarcev 0 &#8211; 4.800 min-1 Mo\u010d posameznega udarca 1,2 J Na\u010din delovanja 2 &#8211; udarno vrtanje in vrtanje Vrtanje (beton&#8230;<\/p>","protected":false},"featured_media":7398,"template":"","meta":{"_bst_post_transparent":"default","_bst_post_title":"","_bst_post_layout":"default","_bst_post_sidebar_id":"","_bst_post_content_style":"default","_bst_post_vertical_padding":"default","_bst_post_feature":"","_bst_post_feature_position":"","_bst_post_header":false,"_bst_post_footer":false},"product_brand":[],"product_cat":[101,390,346],"product_tag":[],"product_brands":[],"class_list":{"0":"post-7397","1":"product","2":"type-product","3":"status-publish","4":"has-post-thumbnail","6":"product_cat-akumulatorsko-orodje-makita","7":"product_cat-makita-orodje","8":"product_cat-udarna-kladiva-sds-plus-sds-max","10":"first","11":"outofstock","12":"taxable","13":"shipping-taxable","14":"purchasable","15":"product-type-simple","16":"entry","17":"content-bg","18":"loop-entry"},"_links":{"self":[{"href":"https:\/\/farmel.si\/en\/wp-json\/wp\/v2\/product\/7397","targetHints":{"allow":["GET"]}}],"collection":[{"href":"https:\/\/farmel.si\/en\/wp-json\/wp\/v2\/product"}],"about":[{"href":"https:\/\/farmel.si\/en\/wp-json\/wp\/v2\/types\/product"}],"version-history":[{"count":3,"href":"https:\/\/farmel.si\/en\/wp-json\/wp\/v2\/product\/7397\/revisions"}],"predecessor-version":[{"id":7439,"href":"https:\/\/farmel.si\/en\/wp-json\/wp\/v2\/product\/7397\/revisions\/7439"}],"wp:featuredmedia":[{"embeddable":true,"href":"https:\/\/farmel.si\/en\/wp-json\/wp\/v2\/media\/7398"}],"wp:attachment":[{"href":"https:\/\/farmel.si\/en\/wp-json\/wp\/v2\/media?parent=7397"}],"wp:term":[{"taxonomy":"product_brand","embeddable":true,"href":"https:\/\/farmel.si\/en\/wp-json\/wp\/v2\/product_brand?post=7397"},{"taxonomy":"product_cat","embeddable":true,"href":"https:\/\/farmel.si\/en\/wp-json\/wp\/v2\/product_cat?post=7397"},{"taxonomy":"product_tag","embeddable":true,"href":"https:\/\/farmel.si\/en\/wp-json\/wp\/v2\/product_tag?post=7397"},{"taxonomy":"product_brands","embeddable":true,"href":"https:\/\/farmel.si\/en\/wp-json\/wp\/v2\/product_brands?post=7397"}],"curies":[{"name":"wp","href":"https:\/\/api.w.org\/{rel}","templated":true}]}}