{"id":8058,"date":"2025-12-06T10:09:03","date_gmt":"2025-12-06T08:09:03","guid":{"rendered":"https:\/\/farmel.si\/?post_type=product&#038;p=8058"},"modified":"2026-03-13T15:09:12","modified_gmt":"2026-03-13T13:09:12","slug":"makita-el-zaga-za-kovino-lc1230n-1750w","status":"publish","type":"product","link":"https:\/\/farmel.si\/en\/product\/makita-el-zaga-za-kovino-lc1230n-1750w\/","title":{"rendered":"MAKITA EL \u017dAGA ZA KOVINO LC1230N 1750W"},"content":{"rendered":"<table class=\"spec_table\">\n<tbody>\n<tr>\n<td>Mo\u010d<\/td>\n<td class=\"value\">1.750 W<\/td>\n<\/tr>\n<tr>\n<td>\u0160t. vrtljajev &#8211; prosti tek<\/td>\n<td class=\"value\">1.300 min-1<\/td>\n<\/tr>\n<tr>\n<td>Rezalna plo\u0161\u010da (\u00d8)<\/td>\n<td class=\"value\">305 mm<\/td>\n<\/tr>\n<tr>\n<td>Luknja rezalne plo\u0161\u010de (\u00d8)<\/td>\n<td class=\"value\">25,4 mm<\/td>\n<\/tr>\n<tr>\n<td>Kapaciteta rezanja (90\u00b0)<\/td>\n<td class=\"value\">100 x 100 mm<\/td>\n<\/tr>\n<tr>\n<td>Kapaciteta rezanja (45\u00b0)<\/td>\n<td class=\"value\">85 x 85 mm<\/td>\n<\/tr>\n<tr>\n<td>Kapaciteta rezanja cevi (\u00d8)<\/td>\n<td class=\"value\">90 \/ 45\u00b0 &#8211; 115 \/ 45 mm<\/td>\n<\/tr>\n<tr>\n<td>Max. debelina rezanja<\/td>\n<td class=\"value\">\/<\/td>\n<\/tr>\n<tr>\n<td>Mere (D x \u0160 x V)<\/td>\n<td class=\"value\">516 x 603 x 306 mm<\/td>\n<\/tr>\n<tr>\n<td>Te\u017ea<\/td>\n<td class=\"value\">19,3 kg<\/td>\n<\/tr>\n<\/tbody>\n<\/table>","protected":false},"excerpt":{"rendered":"<p>Mo\u010d 1.750 W \u0160t. vrtljajev &#8211; prosti tek 1.300 min-1 Rezalna plo\u0161\u010da (\u00d8) 305 mm Luknja rezalne plo\u0161\u010de (\u00d8) 25,4 mm Kapaciteta rezanja (90\u00b0) 100 x 100 mm Kapaciteta rezanja (45\u00b0) 85 x 85 mm Kapaciteta rezanja cevi (\u00d8) 90 \/ 45\u00b0 &#8211; 115 \/ 45 mm Max. debelina rezanja \/ Mere (D x \u0160&#8230;<\/p>","protected":false},"featured_media":8059,"template":"","meta":{"_bst_post_transparent":"default","_bst_post_title":"","_bst_post_layout":"default","_bst_post_sidebar_id":"","_bst_post_content_style":"default","_bst_post_vertical_padding":"default","_bst_post_feature":"","_bst_post_feature_position":"","_bst_post_header":false,"_bst_post_footer":false},"product_brand":[],"product_cat":[390,113,357,386],"product_tag":[],"product_brands":[],"class_list":{"0":"post-8058","1":"product","2":"type-product","3":"status-publish","4":"has-post-thumbnail","6":"product_cat-makita-orodje","7":"product_cat-elektricno-orodje-makita","8":"product_cat-zage","9":"product_cat-elektricno-orodje-zage-elektricno-orodje-makita","11":"first","12":"instock","13":"taxable","14":"shipping-taxable","15":"purchasable","16":"product-type-simple","17":"entry","18":"content-bg","19":"loop-entry"},"_links":{"self":[{"href":"https:\/\/farmel.si\/en\/wp-json\/wp\/v2\/product\/8058","targetHints":{"allow":["GET"]}}],"collection":[{"href":"https:\/\/farmel.si\/en\/wp-json\/wp\/v2\/product"}],"about":[{"href":"https:\/\/farmel.si\/en\/wp-json\/wp\/v2\/types\/product"}],"version-history":[{"count":1,"href":"https:\/\/farmel.si\/en\/wp-json\/wp\/v2\/product\/8058\/revisions"}],"predecessor-version":[{"id":8060,"href":"https:\/\/farmel.si\/en\/wp-json\/wp\/v2\/product\/8058\/revisions\/8060"}],"wp:featuredmedia":[{"embeddable":true,"href":"https:\/\/farmel.si\/en\/wp-json\/wp\/v2\/media\/8059"}],"wp:attachment":[{"href":"https:\/\/farmel.si\/en\/wp-json\/wp\/v2\/media?parent=8058"}],"wp:term":[{"taxonomy":"product_brand","embeddable":true,"href":"https:\/\/farmel.si\/en\/wp-json\/wp\/v2\/product_brand?post=8058"},{"taxonomy":"product_cat","embeddable":true,"href":"https:\/\/farmel.si\/en\/wp-json\/wp\/v2\/product_cat?post=8058"},{"taxonomy":"product_tag","embeddable":true,"href":"https:\/\/farmel.si\/en\/wp-json\/wp\/v2\/product_tag?post=8058"},{"taxonomy":"product_brands","embeddable":true,"href":"https:\/\/farmel.si\/en\/wp-json\/wp\/v2\/product_brands?post=8058"}],"curies":[{"name":"wp","href":"https:\/\/api.w.org\/{rel}","templated":true}]}}