{"id":8061,"date":"2025-12-06T10:18:34","date_gmt":"2025-12-06T08:18:34","guid":{"rendered":"https:\/\/farmel.si\/?post_type=product&#038;p=8061"},"modified":"2026-05-04T08:35:06","modified_gmt":"2026-05-04T06:35:06","slug":"makita-el-rezalnik-diamantni-4100kb-1400w","status":"publish","type":"product","link":"https:\/\/farmel.si\/en\/product\/makita-el-rezalnik-diamantni-4100kb-1400w\/","title":{"rendered":"MAKITA EL REZALNIK DIAMANTNI 4100KB 1400W"},"content":{"rendered":"<table class=\"spec_table\">\n<tbody>\n<tr>\n<td>Mo\u010d<\/td>\n<td class=\"value\">1.400 W<\/td>\n<\/tr>\n<tr>\n<td>\u0160t. vrtljajev &#8211; prosti tek<\/td>\n<td class=\"value\">12.200 min-1<\/td>\n<\/tr>\n<tr>\n<td>Brusilna plo\u0161\u010da (\u00d8) (mm)<\/td>\n<td class=\"value\">\/<\/td>\n<\/tr>\n<tr>\n<td>Rezalna plo\u0161\u010da (\u00d8) (mm)<\/td>\n<td class=\"value\">125<\/td>\n<\/tr>\n<tr>\n<td>Globina reza<\/td>\n<td class=\"value\">40 mm<\/td>\n<\/tr>\n<tr>\n<td>\u0160irina reza<\/td>\n<td class=\"value\">\/<\/td>\n<\/tr>\n<tr>\n<td>Nastavitev vrtljajev<\/td>\n<td class=\"value\">NE<\/td>\n<\/tr>\n<tr>\n<td>Mehki zagon<\/td>\n<td class=\"value\">NE<\/td>\n<\/tr>\n<tr>\n<td>Mere (D x \u0160 x V)<\/td>\n<td class=\"value\">231 x 220 x 179 mm<\/td>\n<\/tr>\n<tr>\n<td>Te\u017ea<\/td>\n<td class=\"value\">3,0 kg<\/td>\n<\/tr>\n<\/tbody>\n<\/table>","protected":false},"excerpt":{"rendered":"<p>Mo\u010d 1.400 W \u0160t. vrtljajev &#8211; prosti tek 12.200 min-1 Brusilna plo\u0161\u010da (\u00d8) (mm) \/ Rezalna plo\u0161\u010da (\u00d8) (mm) 125 Globina reza 40 mm \u0160irina reza \/ Nastavitev vrtljajev NE Mehki zagon NE Mere (D x \u0160 x V) 231 x 220 x 179 mm Te\u017ea 3,0 kg<\/p>","protected":false},"featured_media":8063,"template":"","meta":{"_bst_post_transparent":"default","_bst_post_title":"","_bst_post_layout":"default","_bst_post_sidebar_id":"","_bst_post_content_style":"default","_bst_post_vertical_padding":"default","_bst_post_feature":"","_bst_post_feature_position":"","_bst_post_header":false,"_bst_post_footer":false},"product_brand":[],"product_cat":[390,113,15,357,386],"product_tag":[],"product_brands":[],"class_list":{"0":"post-8061","1":"product","2":"type-product","3":"status-publish","4":"has-post-thumbnail","6":"product_cat-makita-orodje","7":"product_cat-elektricno-orodje-makita","8":"product_cat-nekategorizirano","9":"product_cat-zage","10":"product_cat-elektricno-orodje-zage-elektricno-orodje-makita","12":"first","13":"outofstock","14":"taxable","15":"shipping-taxable","16":"purchasable","17":"product-type-simple","18":"entry","19":"content-bg","20":"loop-entry"},"_links":{"self":[{"href":"https:\/\/farmel.si\/en\/wp-json\/wp\/v2\/product\/8061","targetHints":{"allow":["GET"]}}],"collection":[{"href":"https:\/\/farmel.si\/en\/wp-json\/wp\/v2\/product"}],"about":[{"href":"https:\/\/farmel.si\/en\/wp-json\/wp\/v2\/types\/product"}],"version-history":[{"count":1,"href":"https:\/\/farmel.si\/en\/wp-json\/wp\/v2\/product\/8061\/revisions"}],"predecessor-version":[{"id":8062,"href":"https:\/\/farmel.si\/en\/wp-json\/wp\/v2\/product\/8061\/revisions\/8062"}],"wp:featuredmedia":[{"embeddable":true,"href":"https:\/\/farmel.si\/en\/wp-json\/wp\/v2\/media\/8063"}],"wp:attachment":[{"href":"https:\/\/farmel.si\/en\/wp-json\/wp\/v2\/media?parent=8061"}],"wp:term":[{"taxonomy":"product_brand","embeddable":true,"href":"https:\/\/farmel.si\/en\/wp-json\/wp\/v2\/product_brand?post=8061"},{"taxonomy":"product_cat","embeddable":true,"href":"https:\/\/farmel.si\/en\/wp-json\/wp\/v2\/product_cat?post=8061"},{"taxonomy":"product_tag","embeddable":true,"href":"https:\/\/farmel.si\/en\/wp-json\/wp\/v2\/product_tag?post=8061"},{"taxonomy":"product_brands","embeddable":true,"href":"https:\/\/farmel.si\/en\/wp-json\/wp\/v2\/product_brands?post=8061"}],"curies":[{"name":"wp","href":"https:\/\/api.w.org\/{rel}","templated":true}]}}