{"id":8347,"date":"2025-12-15T09:42:00","date_gmt":"2025-12-15T07:42:00","guid":{"rendered":"https:\/\/farmel.si\/?post_type=product&#038;p=8347"},"modified":"2026-03-26T08:53:04","modified_gmt":"2026-03-26T06:53:04","slug":"makita-el-ekcentricni-brusilnik-bo6030-150mm","status":"publish","type":"product","link":"https:\/\/farmel.si\/en\/product\/makita-el-ekcentricni-brusilnik-bo6030-150mm\/","title":{"rendered":"MAKITA EL. EKCENTRI\u010cNI BRUSILNIK BO6030 150MM"},"content":{"rendered":"<table class=\"spec_table\">\n<tbody>\n<tr>\n<td>Mo\u010d<\/td>\n<td class=\"value\">310 W<\/td>\n<\/tr>\n<tr>\n<td>\u0160t. hodov &#8211; prosti tek<\/td>\n<td class=\"value\">4.000 &#8211; 10.000 min-1<\/td>\n<\/tr>\n<tr>\n<td>Nastavitev vrtljajev<\/td>\n<td class=\"value\">DA<\/td>\n<\/tr>\n<tr>\n<td>Ekscentri\u010dnost<\/td>\n<td class=\"value\">3,0 mm<\/td>\n<\/tr>\n<tr>\n<td>Velikost papirja<\/td>\n<td class=\"value\">150 mm<\/td>\n<\/tr>\n<tr>\n<td>Vrsta pritrjevanja<\/td>\n<td class=\"value\">Je\u017eek<\/td>\n<\/tr>\n<tr>\n<td>Mere (D x \u0160 x V)<\/td>\n<td class=\"value\">309 x 150 x 181 mm<\/td>\n<\/tr>\n<tr>\n<td>Te\u017ea<\/td>\n<td class=\"value\">2,4 kg<\/td>\n<\/tr>\n<\/tbody>\n<\/table>","protected":false},"excerpt":{"rendered":"<p>Mo\u010d 310 W \u0160t. hodov &#8211; prosti tek 4.000 &#8211; 10.000 min-1 Nastavitev vrtljajev DA Ekscentri\u010dnost 3,0 mm Velikost papirja 150 mm Vrsta pritrjevanja Je\u017eek Mere (D x \u0160 x V) 309 x 150 x 181 mm Te\u017ea 2,4 kg<\/p>","protected":false},"featured_media":8348,"template":"","meta":{"_bst_post_transparent":"default","_bst_post_title":"","_bst_post_layout":"default","_bst_post_sidebar_id":"","_bst_post_content_style":"default","_bst_post_vertical_padding":"default","_bst_post_feature":"","_bst_post_feature_position":"","_bst_post_header":false,"_bst_post_footer":false},"product_brand":[],"product_cat":[390,113,359,368],"product_tag":[],"product_brands":[],"class_list":{"0":"post-8347","1":"product","2":"type-product","3":"status-publish","4":"has-post-thumbnail","6":"product_cat-makita-orodje","7":"product_cat-elektricno-orodje-makita","8":"product_cat-brusilniki","9":"product_cat-elektricni-ekscentricni-brusilniki","11":"first","12":"instock","13":"taxable","14":"shipping-taxable","15":"purchasable","16":"product-type-simple","17":"entry","18":"content-bg","19":"loop-entry"},"_links":{"self":[{"href":"https:\/\/farmel.si\/en\/wp-json\/wp\/v2\/product\/8347","targetHints":{"allow":["GET"]}}],"collection":[{"href":"https:\/\/farmel.si\/en\/wp-json\/wp\/v2\/product"}],"about":[{"href":"https:\/\/farmel.si\/en\/wp-json\/wp\/v2\/types\/product"}],"version-history":[{"count":1,"href":"https:\/\/farmel.si\/en\/wp-json\/wp\/v2\/product\/8347\/revisions"}],"predecessor-version":[{"id":8349,"href":"https:\/\/farmel.si\/en\/wp-json\/wp\/v2\/product\/8347\/revisions\/8349"}],"wp:featuredmedia":[{"embeddable":true,"href":"https:\/\/farmel.si\/en\/wp-json\/wp\/v2\/media\/8348"}],"wp:attachment":[{"href":"https:\/\/farmel.si\/en\/wp-json\/wp\/v2\/media?parent=8347"}],"wp:term":[{"taxonomy":"product_brand","embeddable":true,"href":"https:\/\/farmel.si\/en\/wp-json\/wp\/v2\/product_brand?post=8347"},{"taxonomy":"product_cat","embeddable":true,"href":"https:\/\/farmel.si\/en\/wp-json\/wp\/v2\/product_cat?post=8347"},{"taxonomy":"product_tag","embeddable":true,"href":"https:\/\/farmel.si\/en\/wp-json\/wp\/v2\/product_tag?post=8347"},{"taxonomy":"product_brands","embeddable":true,"href":"https:\/\/farmel.si\/en\/wp-json\/wp\/v2\/product_brands?post=8347"}],"curies":[{"name":"wp","href":"https:\/\/api.w.org\/{rel}","templated":true}]}}