{"id":8353,"date":"2025-12-15T10:05:58","date_gmt":"2025-12-15T08:05:58","guid":{"rendered":"https:\/\/farmel.si\/?post_type=product&#038;p=8353"},"modified":"2026-03-13T15:09:13","modified_gmt":"2026-03-13T13:09:13","slug":"makita-el-prezracevalnik-trave-uv3200","status":"publish","type":"product","link":"https:\/\/farmel.si\/en\/product\/makita-el-prezracevalnik-trave-uv3200\/","title":{"rendered":"MAKITA EL. PREZRA\u010cEVALNIK TRAVE UV3200"},"content":{"rendered":"<table class=\"spec_table\">\n<tbody>\n<tr>\n<td>Mo\u010d<\/td>\n<td class=\"value\">1.300 W<\/td>\n<\/tr>\n<tr>\n<td>\u0160irina (mm)<\/td>\n<td class=\"value\">320<\/td>\n<\/tr>\n<tr>\n<td>Prostornina ko\u0161are za travo<\/td>\n<td class=\"value\">30 l<\/td>\n<\/tr>\n<tr>\n<td>Delovna vi\u0161ina<\/td>\n<td class=\"value\">-10 &#8211; +10 mm<\/td>\n<\/tr>\n<tr>\n<td>Nastavitev vi\u0161ine ko\u0161nje<\/td>\n<td class=\"value\">5x<\/td>\n<\/tr>\n<tr>\n<td>Te\u017ea<\/td>\n<td class=\"value\">10,5 kg<\/td>\n<\/tr>\n<\/tbody>\n<\/table>","protected":false},"excerpt":{"rendered":"<p>Mo\u010d 1.300 W \u0160irina (mm) 320 Prostornina ko\u0161are za travo 30 l Delovna vi\u0161ina -10 &#8211; +10 mm Nastavitev vi\u0161ine ko\u0161nje 5x Te\u017ea 10,5 kg<\/p>","protected":false},"featured_media":8354,"template":"","meta":{"_bst_post_transparent":"default","_bst_post_title":"","_bst_post_layout":"default","_bst_post_sidebar_id":"","_bst_post_content_style":"default","_bst_post_vertical_padding":"default","_bst_post_feature":"","_bst_post_feature_position":"","_bst_post_header":false,"_bst_post_footer":false},"product_brand":[],"product_cat":[390,113,373,360],"product_tag":[],"product_brands":[],"class_list":{"0":"post-8353","1":"product","2":"type-product","3":"status-publish","4":"has-post-thumbnail","6":"product_cat-makita-orodje","7":"product_cat-elektricno-orodje-makita","8":"product_cat-elektricno-orodje-orodje-za-dom-in-urejanje-okolice-elektricno-orodje-makita-2","9":"product_cat-orodje-za-dom-in-urejanje-okolice","11":"first","12":"instock","13":"taxable","14":"shipping-taxable","15":"purchasable","16":"product-type-simple","17":"entry","18":"content-bg","19":"loop-entry"},"_links":{"self":[{"href":"https:\/\/farmel.si\/en\/wp-json\/wp\/v2\/product\/8353","targetHints":{"allow":["GET"]}}],"collection":[{"href":"https:\/\/farmel.si\/en\/wp-json\/wp\/v2\/product"}],"about":[{"href":"https:\/\/farmel.si\/en\/wp-json\/wp\/v2\/types\/product"}],"version-history":[{"count":1,"href":"https:\/\/farmel.si\/en\/wp-json\/wp\/v2\/product\/8353\/revisions"}],"predecessor-version":[{"id":8355,"href":"https:\/\/farmel.si\/en\/wp-json\/wp\/v2\/product\/8353\/revisions\/8355"}],"wp:featuredmedia":[{"embeddable":true,"href":"https:\/\/farmel.si\/en\/wp-json\/wp\/v2\/media\/8354"}],"wp:attachment":[{"href":"https:\/\/farmel.si\/en\/wp-json\/wp\/v2\/media?parent=8353"}],"wp:term":[{"taxonomy":"product_brand","embeddable":true,"href":"https:\/\/farmel.si\/en\/wp-json\/wp\/v2\/product_brand?post=8353"},{"taxonomy":"product_cat","embeddable":true,"href":"https:\/\/farmel.si\/en\/wp-json\/wp\/v2\/product_cat?post=8353"},{"taxonomy":"product_tag","embeddable":true,"href":"https:\/\/farmel.si\/en\/wp-json\/wp\/v2\/product_tag?post=8353"},{"taxonomy":"product_brands","embeddable":true,"href":"https:\/\/farmel.si\/en\/wp-json\/wp\/v2\/product_brands?post=8353"}],"curies":[{"name":"wp","href":"https:\/\/api.w.org\/{rel}","templated":true}]}}