{"id":8367,"date":"2025-12-15T10:41:25","date_gmt":"2025-12-15T08:41:25","guid":{"rendered":"https:\/\/farmel.si\/?post_type=product&#038;p=8367"},"modified":"2026-03-13T15:09:14","modified_gmt":"2026-03-13T13:09:14","slug":"makita-el-rusilno-kladivo-hm0870c","status":"publish","type":"product","link":"https:\/\/farmel.si\/en\/product\/makita-el-rusilno-kladivo-hm0870c\/","title":{"rendered":"MAKITA EL. RU\u0160ILNO KLADIVO HM0870C"},"content":{"rendered":"<table class=\"spec_table\">\n<tbody>\n<tr>\n<td>Mo\u010d<\/td>\n<td class=\"value\">1.100 W<\/td>\n<\/tr>\n<tr>\n<td>\u0160t. udarcev<\/td>\n<td class=\"value\">1.100 &#8211; 2.650 min-1<\/td>\n<\/tr>\n<tr>\n<td>Mo\u010d posameznega udarca<\/td>\n<td class=\"value\">7,6 J<\/td>\n<\/tr>\n<tr>\n<td>Vpenjalna glava<\/td>\n<td class=\"value\">SDS &#8211; Max<\/td>\n<\/tr>\n<tr>\n<td>Antivibracijski sistem<\/td>\n<td class=\"value\">NE<\/td>\n<\/tr>\n<tr>\n<td>Mere (D x \u0160 x V)<\/td>\n<td class=\"value\">449 x 109 x 230 mm<\/td>\n<\/tr>\n<tr>\n<td>Te\u017ea<\/td>\n<td class=\"value\">5,1 kg<\/td>\n<\/tr>\n<\/tbody>\n<\/table>","protected":false},"excerpt":{"rendered":"<p>Mo\u010d 1.100 W \u0160t. udarcev 1.100 &#8211; 2.650 min-1 Mo\u010d posameznega udarca 7,6 J Vpenjalna glava SDS &#8211; Max Antivibracijski sistem NE Mere (D x \u0160 x V) 449 x 109 x 230 mm Te\u017ea 5,1 kg<\/p>","protected":false},"featured_media":8370,"template":"","meta":{"_bst_post_transparent":"default","_bst_post_title":"","_bst_post_layout":"default","_bst_post_sidebar_id":"","_bst_post_content_style":"default","_bst_post_vertical_padding":"default","_bst_post_feature":"","_bst_post_feature_position":"","_bst_post_header":false,"_bst_post_footer":false},"product_brand":[],"product_cat":[390,113,345],"product_tag":[],"product_brands":[],"class_list":{"0":"post-8367","1":"product","2":"type-product","3":"status-publish","4":"has-post-thumbnail","6":"product_cat-makita-orodje","7":"product_cat-elektricno-orodje-makita","8":"product_cat-rusilna-kladiva-sds-max","10":"first","11":"instock","12":"taxable","13":"shipping-taxable","14":"purchasable","15":"product-type-simple","16":"entry","17":"content-bg","18":"loop-entry"},"_links":{"self":[{"href":"https:\/\/farmel.si\/en\/wp-json\/wp\/v2\/product\/8367","targetHints":{"allow":["GET"]}}],"collection":[{"href":"https:\/\/farmel.si\/en\/wp-json\/wp\/v2\/product"}],"about":[{"href":"https:\/\/farmel.si\/en\/wp-json\/wp\/v2\/types\/product"}],"version-history":[{"count":1,"href":"https:\/\/farmel.si\/en\/wp-json\/wp\/v2\/product\/8367\/revisions"}],"predecessor-version":[{"id":8371,"href":"https:\/\/farmel.si\/en\/wp-json\/wp\/v2\/product\/8367\/revisions\/8371"}],"wp:featuredmedia":[{"embeddable":true,"href":"https:\/\/farmel.si\/en\/wp-json\/wp\/v2\/media\/8370"}],"wp:attachment":[{"href":"https:\/\/farmel.si\/en\/wp-json\/wp\/v2\/media?parent=8367"}],"wp:term":[{"taxonomy":"product_brand","embeddable":true,"href":"https:\/\/farmel.si\/en\/wp-json\/wp\/v2\/product_brand?post=8367"},{"taxonomy":"product_cat","embeddable":true,"href":"https:\/\/farmel.si\/en\/wp-json\/wp\/v2\/product_cat?post=8367"},{"taxonomy":"product_tag","embeddable":true,"href":"https:\/\/farmel.si\/en\/wp-json\/wp\/v2\/product_tag?post=8367"},{"taxonomy":"product_brands","embeddable":true,"href":"https:\/\/farmel.si\/en\/wp-json\/wp\/v2\/product_brands?post=8367"}],"curies":[{"name":"wp","href":"https:\/\/api.w.org\/{rel}","templated":true}]}}