{"id":8375,"date":"2025-12-15T11:46:40","date_gmt":"2025-12-15T09:46:40","guid":{"rendered":"https:\/\/farmel.si\/?post_type=product&#038;p=8375"},"modified":"2026-05-08T13:09:08","modified_gmt":"2026-05-08T11:09:08","slug":"makita-el-rusilno-kladivo-hr4013c","status":"publish","type":"product","link":"https:\/\/farmel.si\/en\/product\/makita-el-rusilno-kladivo-hr4013c\/","title":{"rendered":"MAKITA EL. RU\u0160ILNO KLADIVO HR4013C"},"content":{"rendered":"<table class=\"spec_table\">\n<tbody>\n<tr>\n<td>Mo\u010d<\/td>\n<td class=\"value\">1.100 W<\/td>\n<\/tr>\n<tr>\n<td>\u0160t. vrtljajev &#8211; prosti tek<\/td>\n<td class=\"value\">250 &#8211; 500 min-1<\/td>\n<\/tr>\n<tr>\n<td>\u0160t. udarcev<\/td>\n<td class=\"value\">1.450 &#8211; 2.900 min-1<\/td>\n<\/tr>\n<tr>\n<td>Mo\u010d posameznega udarca<\/td>\n<td class=\"value\">8,3 J<\/td>\n<\/tr>\n<tr>\n<td>Na\u010din delovanja<\/td>\n<td class=\"value\">2 &#8211; dletenje in udarno vrtanje<\/td>\n<\/tr>\n<tr>\n<td>Vrtanje (beton \u00d8)<\/td>\n<td class=\"value\">40 mm<\/td>\n<\/tr>\n<tr>\n<td>Vrtanje (vrtalna krona \u00d8)<\/td>\n<td class=\"value\">105 mm<\/td>\n<\/tr>\n<tr>\n<td>Vpenjalna glava<\/td>\n<td class=\"value\">SDS &#8211; Max<\/td>\n<\/tr>\n<tr>\n<td>Antivibracijski sistem<\/td>\n<td class=\"value\">DA<\/td>\n<\/tr>\n<tr>\n<td>Mere (D x \u0160 x V)<\/td>\n<td class=\"value\">479 x 112 x 263 mm<\/td>\n<\/tr>\n<tr>\n<td>Te\u017ea<\/td>\n<td class=\"value\">6,8 kg<\/td>\n<\/tr>\n<\/tbody>\n<\/table>","protected":false},"excerpt":{"rendered":"<p>Mo\u010d 1.100 W \u0160t. vrtljajev &#8211; prosti tek 250 &#8211; 500 min-1 \u0160t. udarcev 1.450 &#8211; 2.900 min-1 Mo\u010d posameznega udarca 8,3 J Na\u010din delovanja 2 &#8211; dletenje in udarno vrtanje Vrtanje (beton \u00d8) 40 mm Vrtanje (vrtalna krona \u00d8) 105 mm Vpenjalna glava SDS &#8211; Max Antivibracijski sistem DA Mere (D x \u0160 x&#8230;<\/p>","protected":false},"featured_media":8377,"template":"","meta":{"_bst_post_transparent":"default","_bst_post_title":"","_bst_post_layout":"default","_bst_post_sidebar_id":"","_bst_post_content_style":"default","_bst_post_vertical_padding":"default","_bst_post_feature":"","_bst_post_feature_position":"","_bst_post_header":false,"_bst_post_footer":false},"product_brand":[],"product_cat":[390,113,345],"product_tag":[],"product_brands":[],"class_list":{"0":"post-8375","1":"product","2":"type-product","3":"status-publish","4":"has-post-thumbnail","6":"product_cat-makita-orodje","7":"product_cat-elektricno-orodje-makita","8":"product_cat-rusilna-kladiva-sds-max","10":"first","11":"instock","12":"taxable","13":"shipping-taxable","14":"purchasable","15":"product-type-simple","16":"entry","17":"content-bg","18":"loop-entry"},"_links":{"self":[{"href":"https:\/\/farmel.si\/en\/wp-json\/wp\/v2\/product\/8375","targetHints":{"allow":["GET"]}}],"collection":[{"href":"https:\/\/farmel.si\/en\/wp-json\/wp\/v2\/product"}],"about":[{"href":"https:\/\/farmel.si\/en\/wp-json\/wp\/v2\/types\/product"}],"version-history":[{"count":1,"href":"https:\/\/farmel.si\/en\/wp-json\/wp\/v2\/product\/8375\/revisions"}],"predecessor-version":[{"id":8378,"href":"https:\/\/farmel.si\/en\/wp-json\/wp\/v2\/product\/8375\/revisions\/8378"}],"wp:featuredmedia":[{"embeddable":true,"href":"https:\/\/farmel.si\/en\/wp-json\/wp\/v2\/media\/8377"}],"wp:attachment":[{"href":"https:\/\/farmel.si\/en\/wp-json\/wp\/v2\/media?parent=8375"}],"wp:term":[{"taxonomy":"product_brand","embeddable":true,"href":"https:\/\/farmel.si\/en\/wp-json\/wp\/v2\/product_brand?post=8375"},{"taxonomy":"product_cat","embeddable":true,"href":"https:\/\/farmel.si\/en\/wp-json\/wp\/v2\/product_cat?post=8375"},{"taxonomy":"product_tag","embeddable":true,"href":"https:\/\/farmel.si\/en\/wp-json\/wp\/v2\/product_tag?post=8375"},{"taxonomy":"product_brands","embeddable":true,"href":"https:\/\/farmel.si\/en\/wp-json\/wp\/v2\/product_brands?post=8375"}],"curies":[{"name":"wp","href":"https:\/\/api.w.org\/{rel}","templated":true}]}}