{"id":8510,"date":"2025-12-18T15:28:55","date_gmt":"2025-12-18T13:28:55","guid":{"rendered":"https:\/\/farmel.si\/?post_type=product&#038;p=8510"},"modified":"2025-12-18T15:28:55","modified_gmt":"2025-12-18T13:28:55","slug":"makita-aku-sesalec-dcl280fz-18v","status":"publish","type":"product","link":"https:\/\/farmel.si\/en\/product\/makita-aku-sesalec-dcl280fz-18v\/","title":{"rendered":"MAKITA AKU SESALEC DCL280FZ 18V"},"content":{"rendered":"<table border=\"0\" width=\"579\" cellspacing=\"0\" cellpadding=\"0\">\n<tbody>\n<tr>\n<td height=\"20\">Napetost akumulatorja<\/td>\n<td>18 V &#8211; LXT<\/td>\n<\/tr>\n<tr>\n<td height=\"20\">V kompletu z akumulatorji<\/td>\n<td>NE<\/td>\n<\/tr>\n<tr>\n<td height=\"20\">Mo\u010d<\/td>\n<td>45 W (standardni filter) \/ 40 W (filter, enostavno \u010distljiv)<\/td>\n<\/tr>\n<tr>\n<td height=\"20\">Podtlak<\/td>\n<td>6,4 kPa<\/td>\n<\/tr>\n<tr>\n<td height=\"20\">Najve\u010dji pretok zraka<\/td>\n<td>1,5 m3\/min<\/td>\n<\/tr>\n<tr>\n<td height=\"20\">\u010cas delovanja<\/td>\n<td>~ 20 min (3.0Ah) na Max.<\/td>\n<\/tr>\n<tr>\n<td height=\"20\">Prostornina posode<\/td>\n<td>0,75 l<\/td>\n<\/tr>\n<tr>\n<td height=\"20\">Mere (D x \u0160 x V)<\/td>\n<td>1.018\u00d7113\u00d7155 mm<\/td>\n<\/tr>\n<tr>\n<td height=\"20\">Te\u017ea<\/td>\n<td>1,6 kg<\/td>\n<\/tr>\n<\/tbody>\n<\/table>","protected":false},"excerpt":{"rendered":"<p>Napetost akumulatorja 18 V &#8211; LXT V kompletu z akumulatorji NE Mo\u010d 45 W (standardni filter) \/ 40 W (filter, enostavno \u010distljiv) Podtlak 6,4 kPa Najve\u010dji pretok zraka 1,5 m3\/min \u010cas delovanja ~ 20 min (3.0Ah) na Max. Prostornina posode 0,75 l Mere (D x \u0160 x V) 1.018\u00d7113\u00d7155 mm Te\u017ea 1,6 kg<\/p>","protected":false},"featured_media":8511,"template":"","meta":{"_bst_post_transparent":"default","_bst_post_title":"","_bst_post_layout":"default","_bst_post_sidebar_id":"","_bst_post_content_style":"default","_bst_post_vertical_padding":"default","_bst_post_feature":"","_bst_post_feature_position":"","_bst_post_header":false,"_bst_post_footer":false},"product_brand":[],"product_cat":[101,390,339,336],"product_tag":[],"product_brands":[],"class_list":{"0":"post-8510","1":"product","2":"type-product","3":"status-publish","4":"has-post-thumbnail","6":"product_cat-akumulatorsko-orodje-makita","7":"product_cat-makita-orodje","8":"product_cat-puhalniki-za-listje-in-sesalniki","9":"product_cat-orodje-za-dom-in-okolico","11":"first","12":"instock","13":"sale","14":"taxable","15":"shipping-taxable","16":"purchasable","17":"product-type-simple","18":"entry","19":"content-bg","20":"loop-entry"},"_links":{"self":[{"href":"https:\/\/farmel.si\/en\/wp-json\/wp\/v2\/product\/8510","targetHints":{"allow":["GET"]}}],"collection":[{"href":"https:\/\/farmel.si\/en\/wp-json\/wp\/v2\/product"}],"about":[{"href":"https:\/\/farmel.si\/en\/wp-json\/wp\/v2\/types\/product"}],"version-history":[{"count":1,"href":"https:\/\/farmel.si\/en\/wp-json\/wp\/v2\/product\/8510\/revisions"}],"predecessor-version":[{"id":8512,"href":"https:\/\/farmel.si\/en\/wp-json\/wp\/v2\/product\/8510\/revisions\/8512"}],"wp:featuredmedia":[{"embeddable":true,"href":"https:\/\/farmel.si\/en\/wp-json\/wp\/v2\/media\/8511"}],"wp:attachment":[{"href":"https:\/\/farmel.si\/en\/wp-json\/wp\/v2\/media?parent=8510"}],"wp:term":[{"taxonomy":"product_brand","embeddable":true,"href":"https:\/\/farmel.si\/en\/wp-json\/wp\/v2\/product_brand?post=8510"},{"taxonomy":"product_cat","embeddable":true,"href":"https:\/\/farmel.si\/en\/wp-json\/wp\/v2\/product_cat?post=8510"},{"taxonomy":"product_tag","embeddable":true,"href":"https:\/\/farmel.si\/en\/wp-json\/wp\/v2\/product_tag?post=8510"},{"taxonomy":"product_brands","embeddable":true,"href":"https:\/\/farmel.si\/en\/wp-json\/wp\/v2\/product_brands?post=8510"}],"curies":[{"name":"wp","href":"https:\/\/api.w.org\/{rel}","templated":true}]}}